{"id":77,"date":"2021-05-25T19:03:08","date_gmt":"2021-05-25T19:03:08","guid":{"rendered":"https:\/\/www.aglaope.cz\/?page_id=77"},"modified":"2021-05-25T19:15:23","modified_gmt":"2021-05-25T19:15:23","slug":"kvalifikace","status":"publish","type":"page","link":"https:\/\/www.aglaope.cz\/index.php\/kvalifikace\/","title":{"rendered":"Kvalifikace"},"content":{"rendered":"\n<p>Vysoko\u0161kolsk\u00e9 vzd\u011bl\u00e1n\u00ed v oboru systematick\u00e1 biologie a ekologie,<br>20 let praxe<br>Autorizovan\u00e1 osoba podle \u00a7 45i odst. 3 z\u00e1kona \u010cNR \u010d. 114\/1992 Sb. pro \u00fa\u010dely hodnocen\u00ed podle \u00a7 67 z\u00e1kona, \u010d. j. 12195\/ENV\/06,<br>\u010d. j. MZP\/2021\/610\/561, platnost ke dni 13. 3. 2026<br>Dr\u017eitel krou\u017ekovac\u00ed licence N\u00e1rodn\u00edho Muzea v Praze, \u010d\u00edslo licence 887<br>Dr\u017eitel osv\u011bd\u010den\u00ed o elektrotechnick\u00e9 kvalifikaci podle \u00a7 4 vyhl\u00e1\u0161ky<br>\u010d. 50\/1978 Sb. (\u010d. 913) k lovu ryb elektrick\u00fdm proudem<br>Odborn\u011b zp\u016fsobil\u00e1 osoba na \u00faseku pokusn\u00fdch zv\u00ed\u0159at dle \u00a715d odstavce 3 z\u00e1kona \u010d. 246\/1992 Sb., na ochranu zv\u00ed\u0159at proti t\u00fdr\u00e1n\u00ed, v platn\u00e9m zn\u011bn\u00ed &#8211; navrhov\u00e1n\u00ed pokus\u016f a projekt\u016f pokus\u016f<\/p>\n","protected":false},"excerpt":{"rendered":"<p>Vysoko\u0161kolsk\u00e9 vzd\u011bl\u00e1n\u00ed v oboru systematick\u00e1 biologie a ekologie,20 let praxeAutorizovan\u00e1 osoba podle \u00a7 45i odst. 3 z\u00e1kona \u010cNR \u010d. 114\/1992 Sb. pro \u00fa\u010dely hodnocen\u00ed podle \u00a7 67 z\u00e1kona, \u010d. j. 12195\/ENV\/06,\u010d. j. MZP\/2021\/610\/561, platnost ke dni 13. 3. 2026Dr\u017eitel krou\u017ekovac\u00ed licence N\u00e1rodn\u00edho Muzea v Praze, \u010d\u00edslo licence 887Dr\u017eitel osv\u011bd\u010den\u00ed o elektrotechnick\u00e9 kvalifikaci podle \u00a7 4 &hellip; <\/p>\n<p class=\"link-more\"><a href=\"https:\/\/www.aglaope.cz\/index.php\/kvalifikace\/\" class=\"more-link\">Pokra\u010dovat ve \u010dten\u00ed<span class=\"screen-reader-text\"> &#8222;Kvalifikace&#8220;<\/span><\/a><\/p>\n","protected":false},"author":1,"featured_media":0,"parent":0,"menu_order":0,"comment_status":"closed","ping_status":"closed","template":"","meta":{"footnotes":""},"class_list":["post-77","page","type-page","status-publish","hentry"],"_links":{"self":[{"href":"https:\/\/www.aglaope.cz\/index.php\/wp-json\/wp\/v2\/pages\/77","targetHints":{"allow":["GET"]}}],"collection":[{"href":"https:\/\/www.aglaope.cz\/index.php\/wp-json\/wp\/v2\/pages"}],"about":[{"href":"https:\/\/www.aglaope.cz\/index.php\/wp-json\/wp\/v2\/types\/page"}],"author":[{"embeddable":true,"href":"https:\/\/www.aglaope.cz\/index.php\/wp-json\/wp\/v2\/users\/1"}],"replies":[{"embeddable":true,"href":"https:\/\/www.aglaope.cz\/index.php\/wp-json\/wp\/v2\/comments?post=77"}],"version-history":[{"count":3,"href":"https:\/\/www.aglaope.cz\/index.php\/wp-json\/wp\/v2\/pages\/77\/revisions"}],"predecessor-version":[{"id":87,"href":"https:\/\/www.aglaope.cz\/index.php\/wp-json\/wp\/v2\/pages\/77\/revisions\/87"}],"wp:attachment":[{"href":"https:\/\/www.aglaope.cz\/index.php\/wp-json\/wp\/v2\/media?parent=77"}],"curies":[{"name":"wp","href":"https:\/\/api.w.org\/{rel}","templated":true}]}}