{"id":40,"date":"2021-05-25T11:48:02","date_gmt":"2021-05-25T11:48:02","guid":{"rendered":"http:\/\/www.aglaope.cz\/?page_id=40"},"modified":"2021-06-25T17:07:34","modified_gmt":"2021-06-25T17:07:34","slug":"sluzby","status":"publish","type":"page","link":"https:\/\/www.aglaope.cz\/index.php\/sluzby\/","title":{"rendered":"Slu\u017eby"},"content":{"rendered":"\n<p>Provedeme ve\u0161ker\u00e9 pr\u016fzkumy, anal\u00fdzy, expert\u00edzy a posouzen\u00ed v oblasti ochrany p\u0159\u00edrody ve vztahu k z\u00e1konu \u010d. 114\/1992 Sb. v platn\u00e9m zn\u011bn\u00ed (ZOPK). <\/p>\n\n\n\n<p>Provedeme zpracov\u00e1n\u00ed Hodnocen\u00ed podle ustanoven\u00ed \u00a7 67 z\u00e1kona \u010d. 114\/1992 Sb. o ochran\u011b p\u0159\u00edrody a krajiny, v&nbsp;platn\u00e9m zn\u011bn\u00ed a \u00a7 7 vyhl\u00e1\u0161ky \u010d. 142\/2018 Sb., v&nbsp;platn\u00e9m zn\u011bn\u00ed.<\/p>\n\n\n\n<p>Zajist\u00edme zpracov\u00e1n\u00ed Posouzen\u00ed vlivu z\u00e1m\u011bru podle \u00a7 45i z\u00e1k. 114\/1992 Sb., v&nbsp;platn\u00e9m zn\u011bn\u00ed, na p\u0159edm\u011bty ochrany evropsky v\u00fdznamn\u00fdch lokalit a&nbsp;pta\u010d\u00edch oblast\u00ed.<\/p>\n\n\n\n<p>Prov\u00e1d\u00edme ter\u00e9nn\u00ed v\u00fdzkumy a jednoduch\u00e1 posouzen\u00ed v\u0161ech typ\u016f z\u00e1m\u011br\u016f a z\u00e1sah\u016f. Prov\u00e1d\u00edme botanick\u00e9 pr\u016fzkumy, pr\u016fzkumy bezobratl\u00fdch, obratlovc\u016f, v\u010detn\u011b specializace na vodn\u00ed prost\u0159ed\u00ed &#8211; pr\u016fzkumy elektroagreg\u00e1tem, sledov\u00e1n\u00ed v\u00fdskytu a letov\u00e9 aktivity netop\u00fdr\u016f ultrazvukov\u00fdmi detektory.<\/p>\n\n\n\n<p>Zajist\u00edme proveden\u00ed biologick\u00e9ho \u010di ekologick\u00e9ho dozoru stavby, p\u0159\u00edpadn\u011b realizaci opat\u0159en\u00ed, kter\u00e9 v t\u00e9to souvislosti po\u017eaduje org\u00e1n ochrany p\u0159\u00edrody, v\u010detn\u011b zaji\u0161t\u011bn\u00ed z\u00e1chrann\u00e9ho transferu jedinc\u016f apod.<\/p>\n\n\n\n<p>Prov\u00e1d\u00edme inventarizace d\u0159evin a dendrologick\u00e9 pr\u016fzkumy v\u010detn\u011b jejich geodetick\u00e9ho zam\u011b\u0159en\u00ed.<\/p>\n\n\n\n<p>Zpracujeme pl\u00e1ny p\u00e9\u010de o zvl\u00e1\u0161t\u011b chr\u00e1n\u011bn\u00e1 \u00fazem\u00ed.<\/p>\n\n\n\n<p>Konzultace, poradenstv\u00ed a zpracov\u00e1n\u00ed biologick\u00fdch pr\u016fzkum\u016f a hodnocen\u00ed dle dohody a po\u017eadovan\u00e9ho rozsahu.<\/p>\n\n\n\n<p>Jsme specialist\u00e9 na posuzov\u00e1n\u00ed vliv\u016f v\u011btrn\u00fdch elektr\u00e1ren na obratlovce.<\/p>\n\n\n\n<p>Jsme specialist\u00e9 na vyhodnocov\u00e1n\u00ed vliv\u016f a migra\u010dn\u00ed studie dopravn\u00edch staveb, d\u00e1lnic<\/p>\n\n\n\n<p>Jsme specialist\u00e9 na vyhodnocov\u00e1n\u00ed vliv\u016f veden\u00ed vysok\u00e9ho nap\u011bt\u00ed (VVN, ZVN) na biotu.<\/p>\n\n\n\n<p>M\u00e1me za sebou v\u00edce jak 20 let praxe v oblasti odborn\u00fdch biologick\u00fdch pr\u016fzk\u016fm\u016f a hodnocen\u00ed.<\/p>\n\n\n\n<p>Mgr. Radim Ko\u010dvara, jednatel spole\u010dnosti.<\/p>\n","protected":false},"excerpt":{"rendered":"<p>Provedeme ve\u0161ker\u00e9 pr\u016fzkumy, anal\u00fdzy, expert\u00edzy a posouzen\u00ed v oblasti ochrany p\u0159\u00edrody ve vztahu k z\u00e1konu \u010d. 114\/1992 Sb. v platn\u00e9m zn\u011bn\u00ed (ZOPK). Provedeme zpracov\u00e1n\u00ed Hodnocen\u00ed podle ustanoven\u00ed \u00a7 67 z\u00e1kona \u010d. 114\/1992 Sb. o ochran\u011b p\u0159\u00edrody a krajiny, v&nbsp;platn\u00e9m zn\u011bn\u00ed a \u00a7 7 vyhl\u00e1\u0161ky \u010d. 142\/2018 Sb., v&nbsp;platn\u00e9m zn\u011bn\u00ed. Zajist\u00edme zpracov\u00e1n\u00ed Posouzen\u00ed vlivu z\u00e1m\u011bru podle &hellip; <\/p>\n<p class=\"link-more\"><a href=\"https:\/\/www.aglaope.cz\/index.php\/sluzby\/\" class=\"more-link\">Pokra\u010dovat ve \u010dten\u00ed<span class=\"screen-reader-text\"> &#8222;Slu\u017eby&#8220;<\/span><\/a><\/p>\n","protected":false},"author":1,"featured_media":0,"parent":0,"menu_order":0,"comment_status":"closed","ping_status":"closed","template":"","meta":{"footnotes":""},"class_list":["post-40","page","type-page","status-publish","hentry"],"_links":{"self":[{"href":"https:\/\/www.aglaope.cz\/index.php\/wp-json\/wp\/v2\/pages\/40","targetHints":{"allow":["GET"]}}],"collection":[{"href":"https:\/\/www.aglaope.cz\/index.php\/wp-json\/wp\/v2\/pages"}],"about":[{"href":"https:\/\/www.aglaope.cz\/index.php\/wp-json\/wp\/v2\/types\/page"}],"author":[{"embeddable":true,"href":"https:\/\/www.aglaope.cz\/index.php\/wp-json\/wp\/v2\/users\/1"}],"replies":[{"embeddable":true,"href":"https:\/\/www.aglaope.cz\/index.php\/wp-json\/wp\/v2\/comments?post=40"}],"version-history":[{"count":5,"href":"https:\/\/www.aglaope.cz\/index.php\/wp-json\/wp\/v2\/pages\/40\/revisions"}],"predecessor-version":[{"id":208,"href":"https:\/\/www.aglaope.cz\/index.php\/wp-json\/wp\/v2\/pages\/40\/revisions\/208"}],"wp:attachment":[{"href":"https:\/\/www.aglaope.cz\/index.php\/wp-json\/wp\/v2\/media?parent=40"}],"curies":[{"name":"wp","href":"https:\/\/api.w.org\/{rel}","templated":true}]}}