{"id":19,"date":"2021-05-25T11:36:29","date_gmt":"2021-05-25T11:36:29","guid":{"rendered":"http:\/\/www.aglaope.cz\/?page_id=19"},"modified":"2021-11-11T13:15:29","modified_gmt":"2021-11-11T13:15:29","slug":"kontakt","status":"publish","type":"page","link":"https:\/\/www.aglaope.cz\/index.php\/kontakt\/","title":{"rendered":"Kontakt"},"content":{"rendered":"\n<h2 class=\"wp-block-heading\">Jednatel spole\u010dnosti<\/h2>\n\n\n\n<div class=\"wp-block-columns is-layout-flex wp-container-core-columns-is-layout-9d6595d7 wp-block-columns-is-layout-flex\">\n<div class=\"wp-block-column is-layout-flow wp-block-column-is-layout-flow\">\n<p>Mgr. Radim Ko\u010dvara<br>Z\u00e1\u0159\u00ed\u010d\u00ed 92, 768 11 Chropyn\u011b<br>Tel: +420 604 356 795<br>e-mail: burunduk@burunduk.cz<\/p>\n\n\n\n<p><\/p>\n<\/div>\n<\/div>\n\n\n\n<p><\/p>\n","protected":false},"excerpt":{"rendered":"<p>Jednatel spole\u010dnosti Mgr. Radim Ko\u010dvaraZ\u00e1\u0159\u00ed\u010d\u00ed 92, 768 11 Chropyn\u011bTel: +420 604 356 795e-mail: burunduk@burunduk.cz<\/p>\n","protected":false},"author":1,"featured_media":0,"parent":0,"menu_order":0,"comment_status":"closed","ping_status":"closed","template":"","meta":{"footnotes":""},"class_list":["post-19","page","type-page","status-publish","hentry"],"_links":{"self":[{"href":"https:\/\/www.aglaope.cz\/index.php\/wp-json\/wp\/v2\/pages\/19","targetHints":{"allow":["GET"]}}],"collection":[{"href":"https:\/\/www.aglaope.cz\/index.php\/wp-json\/wp\/v2\/pages"}],"about":[{"href":"https:\/\/www.aglaope.cz\/index.php\/wp-json\/wp\/v2\/types\/page"}],"author":[{"embeddable":true,"href":"https:\/\/www.aglaope.cz\/index.php\/wp-json\/wp\/v2\/users\/1"}],"replies":[{"embeddable":true,"href":"https:\/\/www.aglaope.cz\/index.php\/wp-json\/wp\/v2\/comments?post=19"}],"version-history":[{"count":13,"href":"https:\/\/www.aglaope.cz\/index.php\/wp-json\/wp\/v2\/pages\/19\/revisions"}],"predecessor-version":[{"id":318,"href":"https:\/\/www.aglaope.cz\/index.php\/wp-json\/wp\/v2\/pages\/19\/revisions\/318"}],"wp:attachment":[{"href":"https:\/\/www.aglaope.cz\/index.php\/wp-json\/wp\/v2\/media?parent=19"}],"curies":[{"name":"wp","href":"https:\/\/api.w.org\/{rel}","templated":true}]}}